{"id":50,"date":"2011-01-25T23:49:10","date_gmt":"2011-01-25T22:49:10","guid":{"rendered":"http:\/\/maria-magdalena-wiesmaier.de\/mmw\/?page_id=50"},"modified":"2022-01-25T23:15:57","modified_gmt":"2022-01-25T22:15:57","slug":"film","status":"publish","type":"page","link":"http:\/\/maria-magdalena-wiesmaier.de\/?page_id=50","title":{"rendered":"Film"},"content":{"rendered":"<h1 class=\"title style-scope ytd-video-primary-info-renderer\">Hijaz &#8211; Damaskus-Berlin<\/h1>\n<p><iframe loading=\"lazy\" title=\"Hijaz - Maria Magdalena Wiesmaier (cello) and Nabil Hilaneh (oud)\" width=\"500\" height=\"281\" src=\"https:\/\/www.youtube.com\/embed\/HBeB0TAcDj8?feature=oembed\" frameborder=\"0\" allow=\"accelerometer; autoplay; clipboard-write; encrypted-media; gyroscope; picture-in-picture\" allowfullscreen><\/iframe><\/p>\n<h1>Gy\u00f6rgy Kurtag &#8211; Kro\u00f3 Gy\u00f6rgy in memoriam<\/h1>\n<p><iframe loading=\"lazy\" title=\"Gy\u00f6rgy Kurtag - Kro\u00f3 Gy\u00f6rgy in memoriam, Maria Magdalena Wiesmaier\" width=\"500\" height=\"281\" src=\"https:\/\/www.youtube.com\/embed\/9XSdKogeAhg?feature=oembed\" frameborder=\"0\" allow=\"accelerometer; autoplay; clipboard-write; encrypted-media; gyroscope; picture-in-picture\" allowfullscreen><\/iframe><\/p>\n<div id=\"filmseite\">\n<h1>Ludwig van Beethoven Variationen &#8222;Ein M\u00e4dchen oder Weibchen&#8220; Op. 66<\/h1>\n<p><iframe loading=\"lazy\" title=\"Ludwig van Beethoven Variationen &quot;Ein M\u00e4dchen oder Weibchen&quot; Op. 66, Wiesmaier,  Anissegos\" width=\"500\" height=\"281\" src=\"https:\/\/www.youtube.com\/embed\/WAmRMaHkhSM?feature=oembed\" frameborder=\"0\" allow=\"accelerometer; autoplay; clipboard-write; encrypted-media; gyroscope; picture-in-picture\" allowfullscreen><\/iframe><\/p>\n<h1><\/h1>\n<h1>Ludwig van Beethoven Sonate g-moll Op. 5 No. 2<\/h1>\n<p><iframe loading=\"lazy\" title=\"Ludwig van Beethoven Sonate g-moll Op. 5 No. 2, Maria Magdalena Wiesmaier, Antonis Anissegos\" width=\"500\" height=\"281\" src=\"https:\/\/www.youtube.com\/embed\/qTHMbhrHbKk?feature=oembed\" frameborder=\"0\" allow=\"accelerometer; autoplay; clipboard-write; encrypted-media; gyroscope; picture-in-picture\" allowfullscreen><\/iframe><\/p>\n<h1><\/h1>\n<h1 id=\"first\">Super 8 Berlin<\/h1>\n<div id=\"wpfp_8144fe89c8c901aa26d7f65e0326e419\" data-item=\"{&quot;sources&quot;:[{&quot;src&quot;:&quot;http:\\\/\\\/maria-magdalena-wiesmaier.de\\\/videos\\\/Berlin_web.mp4&quot;,&quot;type&quot;:&quot;video\\\/mp4&quot;}],&quot;splash&quot;:&quot;http:\\\/\\\/maria-magdalena-wiesmaier.de\\\/videos\\\/Berlin.jpg&quot;}\" class=\"flowplayer no-brand is-splash is-paused skin-slim no-svg fp-slim fp-edgy\" style=\"position:relative; max-width: 480px; max-height: 360px; \" data-ratio=\"0.75\">\n\t<div class=\"fp-ratio\" style=\"padding-top: 75%\"><\/div>\n\t<img class=\"fp-splash\" alt=\"video\" src=\"http:\/\/maria-magdalena-wiesmaier.de\/videos\/Berlin.jpg\" style=\"position:absolute;top:0;width:100%\" \/>\n\t<div class=\"fp-ui\"><noscript>Please enable JavaScript<\/noscript><div class=\"fp-play fp-visible\"><svg class=\"fp-play-sharp-fill\" xmlns=\"http:\/\/www.w3.org\/2000\/svg\" viewBox=\"0 0 100 100\"><defs><style>.fp-color-play{opacity:0.65;}.controlbutton{fill:#fff;}<\/style><\/defs><title>play-sharp-fill<\/title><path class=\"fp-color-play\" d=\"M49.9217-.078a50,50,0,1,0,50,50A50.0564,50.0564,0,0,0,49.9217-.078Z\"\/><polygon class=\"controlbutton\" points=\"73.601 50 37.968 70.573 37.968 29.427 73.601 50\" filter=\"url(#f1)\"\/><\/svg><\/div><div class=\"fp-preload\"><b><\/b><b><\/b><b><\/b><b><\/b><\/div><\/div>\n<div class='fvp-share-bar'><ul class=\"fvp-sharing\">\r\n    <li><a class=\"sharing-facebook\" href=\"https:\/\/www.facebook.com\/sharer\/sharer.php?u=http%3A%2F%2Fmaria-magdalena-wiesmaier.de%2F%3Fpage_id%3D50\" target=\"_blank\"><\/a><\/li>\r\n    <li><a class=\"sharing-twitter\" href=\"https:\/\/twitter.com\/intent\/tweet?text=MARIA+MAGDALENA+WIESMAIER+&url=http%3A%2F%2Fmaria-magdalena-wiesmaier.de%2F%3Fpage_id%3D50\" target=\"_blank\"><\/a><\/li>\r\n    <li><a class=\"sharing-email\" href=\"mailto:?body=Check%20out%20the%20amazing%20video%20here%3A%20http%3A%2F%2Fmaria-magdalena-wiesmaier.de%2F%3Fpage_id%3D50\" target=\"_blank\"><\/a><\/li><\/ul><div><a class=\"sharing-link\" href=\"http:\/\/maria-magdalena-wiesmaier.de\/?page_id=50\" target=\"_blank\">Link<\/a><\/div><\/div>\n<\/div>\n\n<h1>ARD Bilderbuch 6xBach<\/h1>\n<div id=\"wpfp_7c9fb7418145a35d317e149da0afbdcc\" data-item=\"{&quot;sources&quot;:[{&quot;src&quot;:&quot;http:\\\/\\\/maria-magdalena-wiesmaier.de\\\/videos\\\/ARD_web.mp4&quot;,&quot;type&quot;:&quot;video\\\/mp4&quot;}],&quot;splash&quot;:&quot;http:\\\/\\\/maria-magdalena-wiesmaier.de\\\/videos\\\/ARD.jpg&quot;}\" class=\"flowplayer no-brand is-splash is-paused skin-slim no-svg fp-slim fp-edgy\" style=\"position:relative; max-width: 480px; max-height: 360px; \" data-ratio=\"0.75\">\n\t<div class=\"fp-ratio\" style=\"padding-top: 75%\"><\/div>\n\t<img class=\"fp-splash\" alt=\"video\" src=\"http:\/\/maria-magdalena-wiesmaier.de\/videos\/ARD.jpg\" style=\"position:absolute;top:0;width:100%\" \/>\n\t<div class=\"fp-ui\"><noscript>Please enable JavaScript<\/noscript><div class=\"fp-play fp-visible\"><svg class=\"fp-play-sharp-fill\" xmlns=\"http:\/\/www.w3.org\/2000\/svg\" viewBox=\"0 0 100 100\"><defs><style>.fp-color-play{opacity:0.65;}.controlbutton{fill:#fff;}<\/style><\/defs><title>play-sharp-fill<\/title><path class=\"fp-color-play\" d=\"M49.9217-.078a50,50,0,1,0,50,50A50.0564,50.0564,0,0,0,49.9217-.078Z\"\/><polygon class=\"controlbutton\" points=\"73.601 50 37.968 70.573 37.968 29.427 73.601 50\" filter=\"url(#f1)\"\/><\/svg><\/div><div class=\"fp-preload\"><b><\/b><b><\/b><b><\/b><b><\/b><\/div><\/div>\n<div class='fvp-share-bar'><ul class=\"fvp-sharing\">\r\n    <li><a class=\"sharing-facebook\" href=\"https:\/\/www.facebook.com\/sharer\/sharer.php?u=http%3A%2F%2Fmaria-magdalena-wiesmaier.de%2F%3Fpage_id%3D50\" target=\"_blank\"><\/a><\/li>\r\n    <li><a class=\"sharing-twitter\" href=\"https:\/\/twitter.com\/intent\/tweet?text=MARIA+MAGDALENA+WIESMAIER+&url=http%3A%2F%2Fmaria-magdalena-wiesmaier.de%2F%3Fpage_id%3D50\" target=\"_blank\"><\/a><\/li>\r\n    <li><a class=\"sharing-email\" href=\"mailto:?body=Check%20out%20the%20amazing%20video%20here%3A%20http%3A%2F%2Fmaria-magdalena-wiesmaier.de%2F%3Fpage_id%3D50\" target=\"_blank\"><\/a><\/li><\/ul><div><a class=\"sharing-link\" href=\"http:\/\/maria-magdalena-wiesmaier.de\/?page_id=50\" target=\"_blank\">Link<\/a><\/div><\/div>\n<\/div>\n\n<\/div>\n","protected":false},"excerpt":{"rendered":"<p>Hijaz &#8211; Damaskus-Berlin Gy\u00f6rgy Kurtag &#8211; Kro\u00f3 Gy\u00f6rgy in memoriam Ludwig van Beethoven Variationen &#8222;Ein M\u00e4dchen oder Weibchen&#8220; Op. 66 Ludwig van Beethoven Sonate g-moll Op. 5 No. 2 Super 8 Berlin ARD Bilderbuch 6xBach<\/p>\n","protected":false},"author":1,"featured_media":0,"parent":0,"menu_order":8,"comment_status":"closed","ping_status":"closed","template":"page.php","meta":[],"_links":{"self":[{"href":"http:\/\/maria-magdalena-wiesmaier.de\/index.php?rest_route=\/wp\/v2\/pages\/50"}],"collection":[{"href":"http:\/\/maria-magdalena-wiesmaier.de\/index.php?rest_route=\/wp\/v2\/pages"}],"about":[{"href":"http:\/\/maria-magdalena-wiesmaier.de\/index.php?rest_route=\/wp\/v2\/types\/page"}],"author":[{"embeddable":true,"href":"http:\/\/maria-magdalena-wiesmaier.de\/index.php?rest_route=\/wp\/v2\/users\/1"}],"replies":[{"embeddable":true,"href":"http:\/\/maria-magdalena-wiesmaier.de\/index.php?rest_route=%2Fwp%2Fv2%2Fcomments&post=50"}],"version-history":[{"count":2,"href":"http:\/\/maria-magdalena-wiesmaier.de\/index.php?rest_route=\/wp\/v2\/pages\/50\/revisions"}],"predecessor-version":[{"id":114,"href":"http:\/\/maria-magdalena-wiesmaier.de\/index.php?rest_route=\/wp\/v2\/pages\/50\/revisions\/114"}],"wp:attachment":[{"href":"http:\/\/maria-magdalena-wiesmaier.de\/index.php?rest_route=%2Fwp%2Fv2%2Fmedia&parent=50"}],"curies":[{"name":"wp","href":"https:\/\/api.w.org\/{rel}","templated":true}]}}