{"id":38,"date":"2011-01-26T00:06:23","date_gmt":"2011-01-25T23:06:23","guid":{"rendered":"http:\/\/maria-magdalena-wiesmaier.de\/mmw\/?page_id=38"},"modified":"2022-01-25T23:19:47","modified_gmt":"2022-01-25T22:19:47","slug":"musik","status":"publish","type":"page","link":"http:\/\/maria-magdalena-wiesmaier.de\/?page_id=38","title":{"rendered":"Musik"},"content":{"rendered":"<div class=\"music\">\n<h3 id=\"first\">Gy\u00f6rgy Kurt\u00e1g (*1926)<\/h3>\n<p>Az Hit (folgt)<br \/>\nSchatten (folgt)<br \/>\nKro\u00f3 Gy\u00f6rgy in memoriam (siehe Film)<\/p>\n<\/div>\n<div class=\"music\">\n<h3>Claude Debussy (1862-1918)<\/h3>\n<p>Serenade et Finale aus Sonate<\/p>\n<!--[if lt IE 9]><script>document.createElement('audio');<\/script><![endif]-->\n<audio class=\"wp-audio-shortcode\" id=\"audio-38-1\" preload=\"none\" style=\"width: 100%;\" controls=\"controls\"><source type=\"audio\/mpeg\" src=\"http:\/\/maria-magdalena-wiesmaier.de\/mmw\/wp-content\/uploads\/Serenade-et-Finale-aus-Sonate.mp3?_=1\" \/><a href=\"http:\/\/maria-magdalena-wiesmaier.de\/mmw\/wp-content\/uploads\/Serenade-et-Finale-aus-Sonate.mp3\">http:\/\/maria-magdalena-wiesmaier.de\/mmw\/wp-content\/uploads\/Serenade-et-Finale-aus-Sonate.mp3<\/a><\/audio>\n<\/div>\n<div class=\"music\">\n<h3>Robert Schumann (1810-1856)<\/h3>\n<p>Adagio aus op.70<\/p>\n<audio class=\"wp-audio-shortcode\" id=\"audio-38-2\" preload=\"none\" style=\"width: 100%;\" controls=\"controls\"><source type=\"audio\/mpeg\" src=\"http:\/\/maria-magdalena-wiesmaier.de\/mmw\/wp-content\/uploads\/01-Schumann-Adagio-aus-op.70.mp3?_=2\" \/><a href=\"http:\/\/maria-magdalena-wiesmaier.de\/mmw\/wp-content\/uploads\/01-Schumann-Adagio-aus-op.70.mp3\">http:\/\/maria-magdalena-wiesmaier.de\/mmw\/wp-content\/uploads\/01-Schumann-Adagio-aus-op.70.mp3<\/a><\/audio>\n<\/div>\n<div class=\"music\">\n<h3>Ernest Bloch (1880-1956)<\/h3>\n<p>Nigun (folgt)<\/p>\n<\/div>\n","protected":false},"excerpt":{"rendered":"<p>Gy\u00f6rgy Kurt\u00e1g (*1926) Az Hit (folgt) Schatten (folgt) Kro\u00f3 Gy\u00f6rgy in memoriam (siehe Film) Claude Debussy (1862-1918) Serenade et Finale aus Sonate Robert Schumann (1810-1856) Adagio aus op.70 Ernest Bloch (1880-1956) Nigun (folgt)<\/p>\n","protected":false},"author":1,"featured_media":0,"parent":0,"menu_order":6,"comment_status":"closed","ping_status":"closed","template":"","meta":[],"_links":{"self":[{"href":"http:\/\/maria-magdalena-wiesmaier.de\/index.php?rest_route=\/wp\/v2\/pages\/38"}],"collection":[{"href":"http:\/\/maria-magdalena-wiesmaier.de\/index.php?rest_route=\/wp\/v2\/pages"}],"about":[{"href":"http:\/\/maria-magdalena-wiesmaier.de\/index.php?rest_route=\/wp\/v2\/types\/page"}],"author":[{"embeddable":true,"href":"http:\/\/maria-magdalena-wiesmaier.de\/index.php?rest_route=\/wp\/v2\/users\/1"}],"replies":[{"embeddable":true,"href":"http:\/\/maria-magdalena-wiesmaier.de\/index.php?rest_route=%2Fwp%2Fv2%2Fcomments&post=38"}],"version-history":[{"count":4,"href":"http:\/\/maria-magdalena-wiesmaier.de\/index.php?rest_route=\/wp\/v2\/pages\/38\/revisions"}],"predecessor-version":[{"id":1196,"href":"http:\/\/maria-magdalena-wiesmaier.de\/index.php?rest_route=\/wp\/v2\/pages\/38\/revisions\/1196"}],"wp:attachment":[{"href":"http:\/\/maria-magdalena-wiesmaier.de\/index.php?rest_route=%2Fwp%2Fv2%2Fmedia&parent=38"}],"curies":[{"name":"wp","href":"https:\/\/api.w.org\/{rel}","templated":true}]}}